{"id":1608,"date":"2018-04-30T13:51:10","date_gmt":"2018-04-30T11:51:10","guid":{"rendered":"https:\/\/home-the-residence.com\/?page_id=1608"},"modified":"2022-02-10T09:19:08","modified_gmt":"2022-02-10T08:19:08","slug":"mention-legale","status":"publish","type":"page","link":"https:\/\/home-the-residence.com\/zh\/mention-legale\/","title":{"rendered":"\u6cd5\u5f8b\u58f0\u660e"},"content":{"rendered":"<div data-elementor-type=\"wp-page\" data-elementor-id=\"1608\" class=\"elementor elementor-1608\" data-elementor-post-type=\"page\">\n\t\t\t\t\t\t<main class=\"elementor-section elementor-top-section elementor-element elementor-element-4a662c1 elementor-section-height-min-height elementor-section-boxed elementor-section-height-default elementor-section-items-middle\" data-id=\"4a662c1\" data-element_type=\"section\" data-e-type=\"section\" data-settings=\"{&quot;background_background&quot;:&quot;classic&quot;}\">\n\t\t\t\t\t\t<div class=\"elementor-container elementor-column-gap-default\">\n\t\t\t\t\t<div class=\"elementor-column elementor-col-100 elementor-top-column elementor-element elementor-element-804a70b\" data-id=\"804a70b\" data-element_type=\"column\" data-e-type=\"column\">\n\t\t\t<div class=\"elementor-widget-wrap\">\n\t\t\t\t\t\t\t<\/div>\n\t\t<\/div>\n\t\t\t\t\t<\/div>\n\t\t<\/main>\n\t\t\t\t<section class=\"elementor-section elementor-top-section elementor-element elementor-element-b85cfa3 elementor-section-boxed elementor-section-height-default elementor-section-height-default\" data-id=\"b85cfa3\" data-element_type=\"section\" data-e-type=\"section\">\n\t\t\t\t\t\t<div class=\"elementor-container elementor-column-gap-default\">\n\t\t\t\t\t<div class=\"elementor-column elementor-col-100 elementor-top-column elementor-element elementor-element-11b47b1\" data-id=\"11b47b1\" data-element_type=\"column\" data-e-type=\"column\">\n\t\t\t<div class=\"elementor-widget-wrap elementor-element-populated\">\n\t\t\t\t\t\t<div class=\"elementor-element elementor-element-7cd97a8 elementor-widget elementor-widget-heading\" data-id=\"7cd97a8\" data-element_type=\"widget\" data-e-type=\"widget\" data-widget_type=\"heading.default\">\n\t\t\t\t<div class=\"elementor-widget-container\">\n\t\t\t\t\t<h2 class=\"elementor-heading-title elementor-size-default\">Mentions l\u00e9gales &amp; politiques de confidentialit\u00e9s<\/h2>\t\t\t\t<\/div>\n\t\t\t\t<\/div>\n\t\t\t\t\t<\/div>\n\t\t<\/div>\n\t\t\t\t\t<\/div>\n\t\t<\/section>\n\t\t\t\t<section class=\"elementor-section elementor-top-section elementor-element elementor-element-674ca380 elementor-section-boxed elementor-section-height-default elementor-section-height-default\" data-id=\"674ca380\" data-element_type=\"section\" data-e-type=\"section\">\n\t\t\t\t\t\t<div class=\"elementor-container elementor-column-gap-default\">\n\t\t\t\t\t<div class=\"elementor-column elementor-col-100 elementor-top-column elementor-element elementor-element-18a92f59\" data-id=\"18a92f59\" data-element_type=\"column\" data-e-type=\"column\">\n\t\t\t<div class=\"elementor-widget-wrap elementor-element-populated\">\n\t\t\t\t\t\t<div class=\"elementor-element elementor-element-39b6e70b elementor-widget elementor-widget-text-editor\" data-id=\"39b6e70b\" data-element_type=\"widget\" data-e-type=\"widget\" data-widget_type=\"text-editor.default\">\n\t\t\t\t<div class=\"elementor-widget-container\">\n\t\t\t\t\t\t\t\t\t<div id=\"cms-content\" class=\"site-content\"><div id=\"primary\" class=\"container is-no-sidebar\"><div class=\"row\"><div id=\"content\" class=\"col-xs-12 col-sm-12 col-md-12 col-lg-12\"><article id=\"post-5045\" class=\"post-5045 page type-page status-publish hentry\"><div class=\"entry-content\"><div class=\"vc_row wpb_row vc_row-fluid\"><div class=\"wpb_column vc_column_container vc_col-sm-6\"><div class=\"vc_column-inner\"><div class=\"wpb_wrapper\"><div class=\"wpb_text_column wpb_content_element\"><div class=\"wpb_wrapper\"><div class=\"entry-content\"><strong>\u7ecf\u8425\u516c\u53f8\u540d\u79f0\uff1a <\/strong>Home The Residence<br \/><strong>\u7535\u5b50\u90ae\u4ef6\uff1a\u00a0<\/strong>commercial@home-the-residence.com<br \/><strong>\u624b\u673a\uff1a\u00a0<\/strong>034 02 932 32<br \/><strong>\u793e\u4f1a\u8d44\u672c\uff1a <\/strong>2,000,000 Ar<br \/><strong>\u4e2a\u4eba\u589e\u503c\u7a0e\u8bc6\u522b\u53f7\u7801\uff1a\u00a0<\/strong>4000179817<br \/><strong>Siret\u53f7\u7801\uff1a\u00a0<\/strong>NB NB 2010 B 011<\/div><div class=\"entry-content\"><strong>\u5546\u54c1\u540d\u79f0\uff1a <\/strong>Home The Residence<br \/><strong>\u6cd5\u5b9a\u4ee3\u8868\u4eba\u59d3\u540d\uff1a<\/strong>\u00a0\u8fbe\u7c73\u6069\u585e\u52d2\u65af<\/div><div class=\"entry-content\"><strong>\u603b\u516c\u53f8\u5730\u5740<\/strong> :<br \/>00207  - \u8bfa\u897f\u662f\u9a6c\u8fbe\u52a0\u65af\u52a0<\/div><div>\u00a0<\/div><div>\u901a\u8fc7\u8bbf\u95ee\u672c\u7f51\u7ad9\uff0c\u60a8\u88ab\u544a\u77e5\u4f7f\u7528\u4e92\u8054\u7f51\u9700\u8981\u5c0a\u91cd\u4e0e\u7248\u6743\u548c\u6cd5\u5f8b\u4fe1\u606f\u81ea\u7531\u76f8\u5173\u7684\u4e00\u7cfb\u5217\u7acb\u6cd5\u3002 HOME THE RESIDENCE\uff0c\u5bf9\u9519\u8bef\u6216\u9057\u6f0f\u4e0d\u627f\u62c5\u4efb\u4f55\u8d23\u4efb\uff0c\u51fa\u7248\u5546\u4e5f\u4fdd\u7559\u968f\u65f6\u4fee\u6539\u548c\u66f4\u65b0\u7f51\u7ad9\u6570\u636e\u7684\u6743\u5229\u3002<\/div><div class=\"entry-content\"><h2>\u7248\u6743\u6240\u6709<\/h2><p>\u5728\u5e94\u7528\u6cd5\u56fd\u77e5\u8bc6\u4ea7\u6743\u6cd5\u5178\uff08creditPhoto\uff09\u65f6\uff0c\u590d\u5236\u7528\u4e8e\u975e\u79c1\u4eba\u7528\u9014\uff0c\u9500\u552e\uff0c\u4f20\u64ad\uff0c\u51fa\u7248\uff0c\u6539\u7f16\u6216\u901a\u4fe1\uff0c\u90e8\u5206\u6216\u6574\u4f53\u7684\u6570\u636e\uff08\u7f51\u7ad9\u7684\u5c55\u793a\uff0c\u5e03\u5c40\uff09\u53d7\u7248\u6743\u4fdd\u62a4\u7684\u7167\u7247\uff0c\u6587\u5b57\u548c\u63d2\u56fe\uff09\u4e25\u683c\u9075\u5b88\u6743\u5229\u4eba\u7684\u4e8b\u5148\u4e66\u9762\u6388\u6743\uff0c\u4e8b\u5b9e\u4e0a\u516c\u53f8\u7684\u4f4f\u6240\u4fe1\u7528\u8bc1<\/p><p>\u6587\u5b57\uff1a\u516c\u53f8HOME THE RESIDENCE<br \/>\u7167\u7247\uff1a\u514d\u8d39\u56fe\u7247\u5e93\uff0cshutterstock\u548cJean Charles Lavictoire<\/p><h2>\u8fde\u63a5\u8bc1\u4eba\uff0c\u201cCOOKIES\u201d<\/h2><p>\u8bbf\u95ee\u672c\u7f51\u7ad9\u65f6\uff0ccookie\u6216cookie\u53ef\u80fd\u4f1a\u81ea\u52a8\u5b89\u88c5\u5e76\u4e34\u65f6\u5b58\u50a8\u5728\u5185\u5b58\u6216\u7528\u6237\u7684\u786c\u76d8\u4e0a\uff0c\u4ee5\u65b9\u4fbf\u5728\u672c\u7f51\u7ad9\u4e0a\u5bfc\u822a\u3002 Cookie\u7528\u4e8e\u8bb0\u5f55\u4e0e\u4f7f\u7528\u672c\u7f51\u7ad9\u6709\u5173\u7684\u4fe1\u606f\uff08\u4f8b\u5982\u67e5\u770b\u7684\u9875\u9762\uff0c\u8bbf\u95ee\u7684\u65e5\u671f\u548c\u65f6\u95f4\u7b49\uff09\u3002<br \/>\u7528\u6237\u6709\u6743\u901a\u8fc7\u8bbe\u7f6e\u6d4f\u89c8\u5668\u7684\u53c2\u6570\u6765\u53cd\u5bf9cookie\u7684\u6ce8\u518c\u3002\u4f46\u662f\uff0c\u6b64\u64cd\u4f5c\u5c06\u5220\u9664\u6d4f\u89c8\u5668\u4f7f\u7528\u7684\u6240\u6709cookie\uff0c\u5305\u62ec\u5176\u4ed6\u7f51\u7ad9\u4f7f\u7528\u7684cookie\uff0c\u8fd9\u53ef\u80fd\u5bfc\u81f4\u67d0\u4e9b\u8bbe\u7f6e\u6216\u4fe1\u606f\u7684\u66f4\u6539\u6216\u4e22\u5931\u3002<\/p><h2>\u8d23\u4efb<\/h2><p>\u516c\u53f8HOME THE RESIDENCE\u81f4\u529b\u4e8e\u5c3d\u6700\u5927\u52aa\u529b\u786e\u4fdd\u7f51\u7ad9\u4e0a\u53d1\u5e03\u7684\u4fe1\u606f\u7684\u51c6\u786e\u6027\u548c\u66f4\u65b0\u3002 HOME THE RESIDENCE\u4fdd\u7559\u968f\u65f6\u4fee\u6539\u7f51\u7ad9\u5185\u5bb9\u7684\u6743\u5229\uff0c\u6055\u4e0d\u53e6\u884c\u901a\u77e5\u3002\u4f46\u662f\uff0cHOME THE RESIDENCE\u4e0d\u80fd\u4fdd\u8bc1\u672c\u7f51\u7ad9\u5185\u5bb9\u7684\u51c6\u786e\u6027\uff0c\u51c6\u786e\u6027\u6216\u5b8c\u6574\u6027\uff0c\u5e76\u9080\u8bf7\u7528\u6237\u76f4\u63a5\u8054\u7cfbHOME THE RESIDENCE\u3002<\/p><h2>\u8ba1\u7b97\u548c\u81ea\u7531<\/h2><p>\u4efb\u4f55\u76f4\u63a5\u6216\u95f4\u63a5\u63d0\u4ea4\u8fc7\u7684\u4e3b\u683c\u4fe1\u606f\u7684\u7528\u6237\u90fd\u6709\u6743\u6839\u636e\u7f51\u7ad9\u7ba1\u7406\u5458\u7684\u6cd5\u5f8b\u4fe1\u606f\uff0c\u901a\u8fc7\u7535\u8bdd\u53f7\u7801\u81ea\u52a8\u8f6c\u53d1\uff08InformatiqueetLibert\u00e9\uff09\u7684\u7b2c7817\u53f7\u6cd5\u5f8b\u83b7\u53d6\u548c\u66f4\u6b63\u3002<\/p><p>\u901a\u8fc7https:\/\/home-the-residence.com\u7f51\u7ad9\uff0cHOME THE RESIDENCE\u53ef\u4ee5\u901a\u8fc7\u672c\u7f51\u7ad9\u7684\u201c\u8054\u7cfb\u65b9\u5f0f\u201d\u90e8\u5206\u5411\u4efb\u4f55\u5411\u4f4f\u5b85\u53d1\u9001\u95ee\u9898\u7684\u4eba\u6536\u96c6\u4e2a\u4eba\u6570\u636e\uff0c\u6216\u8005\u8ba2\u9605\u8be5\u7f51\u7ad9\u7684\u65b0\u95fb\u901a\u8baf\u3002\u7528\u6237\u5411\u4f4f\u6240\u53d1\u9001\u7684\u4e2a\u4eba\u6570\u636e\u7684\u6536\u96c6\u548c\u5904\u7406\uff0c\u987b\u9075\u5b881978\u5e741\u67086\u65e5\u7b2c78-17\u53f7\u6cd5\u5f8b\uff08\u4fee\u8ba2\u7248\uff09\u7684\u89c4\u5b9a\u3002<br \/>\u7528\u6237\u6709\u6743\u8bbf\u95ee\uff0c\u7ea0\u6b63\u548c\u5220\u9664\u6709\u5173\u4ed6\u7684\u4e2a\u4eba\u4fe1\u606f\uff0c\u4ee5\u53ca\u53cd\u5bf9\u5904\u7406\u4ed6\u7684\u6570\u636e\u7684\u53ef\u80fd\u6027\uff0c\u4ed6\u53ef\u4ee5\u968f\u65f6\u901a\u8fc7\u53d1\u9001\u4fe1\u4ef6\u6765\u6267\u884c\u4ee5\u4e0b\u5730\u5740\uff1a<\/p><p>\u4f4f\u5b85\u3002\u4f4f\u5b85<br \/>Hotel Home The Residence  - \u8bfa\u897f\u8d1d - \u9a6c\u8fbe\u52a0\u65af\u52a0<\/p><p>\u7535\u8bdd\uff1a034 02 932 32<br \/>\u4e3b\u8981\u7535\u5b50\u90ae\u4ef6\uff1acommercial@home-the-residence.com<\/p><p>\u54cd\u5e94\u7528\u6237\u8bf7\u6c42\u6240\u9700\u7684\u4fe1\u606f\uff08\u4f8b\u5982\u7528\u6237\u7684\u540d\u5b57\uff0c\u59d3\u6c0f\uff0c\u5730\u5740\u548c\u7535\u5b50\u90ae\u4ef6\uff09\u5728\u96c6\u5408\u8868\u5355\u4e0a\u7528\u661f\u53f7\u8868\u793a\u3002\u5982\u679c\u672a\u586b\u5199\u6807\u6709\u661f\u53f7\u7684\u5b57\u6bb5\uff0c\u5219HOME THE RESIDENCE\u5c06\u65e0\u6cd5\u5904\u7406\u7528\u6237\u7684\u8bf7\u6c42\u3002<\/p><h2 class=\"diadao-infos-title\">\u8bbe\u8ba1<\/h2><div class=\"diadao-infos-text\">\u7f51\u7ad9\u7531\u8bbe\u8ba1\u548c\u5f00\u53d1\u00a0<a href=\"https:\/\/booking-up.com\/\" target=\"_blank\" rel=\"noopener\">\u9884\u8ba2<\/a>\uff0c\u6570\u5b57\u673a\u6784\u81f4\u529b\u4e8e\u9152\u5e97\uff0c\u9910\u9986\u548c\u65c5\u6e38\u4e1a\u7684\u5229\u76ca\u76f8\u5173\u8005\u3002<br \/>\u8054\u7cfb\u7535\u8bdd\u3002 \uff1a+34 84 812 40<br \/>\u7f51\u7ad9\uff1a\u00a0<a href=\"https:\/\/booking-up.com\/\" target=\"_blank\" rel=\"noopener\">https:\/\/booking-up.com\/<\/a><\/div><\/div><\/div><\/div><\/div><\/div><\/div><\/div><\/div><\/article><\/div><\/div><\/div><\/div>\t\t\t\t\t\t\t\t<\/div>\n\t\t\t\t<\/div>\n\t\t\t\t\t<\/div>\n\t\t<\/div>\n\t\t\t\t\t<\/div>\n\t\t<\/section>\n\t\t\t\t<\/div>","protected":false},"excerpt":{"rendered":"<p>Mentions l\u00e9gales &amp; politiques de confidentialit\u00e9s Raison sociale de la soci\u00e9t\u00e9 exploitante : Home The R\u00e9sidenceEmail :\u00a0commercial@home-the-residence.comT\u00e9l\u00e9phone :\u00a0034 02 932 32Capital social : 2 000 0000 ArNum\u00e9ro individuel d\u2019identification de TVA :\u00a04000179817Num\u00e9ro de Siret :\u00a0RCS NB 2010 B 011Nom commercial : Home The R\u00e9sidenceNom du repr\u00e9sentant l\u00e9gal :\u00a0Damien SallesAdresse du si\u00e8ge social :00207 &#8211; Nosy [&hellip;]<\/p>\n","protected":false},"author":1,"featured_media":0,"parent":0,"menu_order":31,"comment_status":"closed","ping_status":"closed","template":"","meta":{"footnotes":""},"class_list":["post-1608","page","type-page","status-publish","hentry"],"_links":{"self":[{"href":"https:\/\/home-the-residence.com\/zh\/wp-json\/wp\/v2\/pages\/1608","targetHints":{"allow":["GET"]}}],"collection":[{"href":"https:\/\/home-the-residence.com\/zh\/wp-json\/wp\/v2\/pages"}],"about":[{"href":"https:\/\/home-the-residence.com\/zh\/wp-json\/wp\/v2\/types\/page"}],"author":[{"embeddable":true,"href":"https:\/\/home-the-residence.com\/zh\/wp-json\/wp\/v2\/users\/1"}],"replies":[{"embeddable":true,"href":"https:\/\/home-the-residence.com\/zh\/wp-json\/wp\/v2\/comments?post=1608"}],"version-history":[{"count":0,"href":"https:\/\/home-the-residence.com\/zh\/wp-json\/wp\/v2\/pages\/1608\/revisions"}],"wp:attachment":[{"href":"https:\/\/home-the-residence.com\/zh\/wp-json\/wp\/v2\/media?parent=1608"}],"curies":[{"name":"wp","href":"https:\/\/api.w.org\/{rel}","templated":true}]}}