{"id":1608,"date":"2018-04-30T13:51:10","date_gmt":"2018-04-30T11:51:10","guid":{"rendered":"https:\/\/home-the-residence.com\/?page_id=1608"},"modified":"2022-02-10T09:19:08","modified_gmt":"2022-02-10T08:19:08","slug":"mention-legale","status":"publish","type":"page","link":"https:\/\/home-the-residence.com\/de\/mention-legale\/","title":{"rendered":"Rechtliche Hinweise"},"content":{"rendered":"<div data-elementor-type=\"wp-page\" data-elementor-id=\"1608\" class=\"elementor elementor-1608\" data-elementor-post-type=\"page\">\n\t\t\t\t\t\t<main class=\"elementor-section elementor-top-section elementor-element elementor-element-4a662c1 elementor-section-height-min-height elementor-section-boxed elementor-section-height-default elementor-section-items-middle\" data-id=\"4a662c1\" data-element_type=\"section\" data-e-type=\"section\" data-settings=\"{&quot;background_background&quot;:&quot;classic&quot;}\">\n\t\t\t\t\t\t<div class=\"elementor-container elementor-column-gap-default\">\n\t\t\t\t\t<div class=\"elementor-column elementor-col-100 elementor-top-column elementor-element elementor-element-804a70b\" data-id=\"804a70b\" data-element_type=\"column\" data-e-type=\"column\">\n\t\t\t<div class=\"elementor-widget-wrap\">\n\t\t\t\t\t\t\t<\/div>\n\t\t<\/div>\n\t\t\t\t\t<\/div>\n\t\t<\/main>\n\t\t\t\t<section class=\"elementor-section elementor-top-section elementor-element elementor-element-b85cfa3 elementor-section-boxed elementor-section-height-default elementor-section-height-default\" data-id=\"b85cfa3\" data-element_type=\"section\" data-e-type=\"section\">\n\t\t\t\t\t\t<div class=\"elementor-container elementor-column-gap-default\">\n\t\t\t\t\t<div class=\"elementor-column elementor-col-100 elementor-top-column elementor-element elementor-element-11b47b1\" data-id=\"11b47b1\" data-element_type=\"column\" data-e-type=\"column\">\n\t\t\t<div class=\"elementor-widget-wrap elementor-element-populated\">\n\t\t\t\t\t\t<div class=\"elementor-element elementor-element-7cd97a8 elementor-widget elementor-widget-heading\" data-id=\"7cd97a8\" data-element_type=\"widget\" data-e-type=\"widget\" data-widget_type=\"heading.default\">\n\t\t\t\t<div class=\"elementor-widget-container\">\n\t\t\t\t\t<h2 class=\"elementor-heading-title elementor-size-default\">Mentions l\u00e9gales &amp; politiques de confidentialit\u00e9s<\/h2>\t\t\t\t<\/div>\n\t\t\t\t<\/div>\n\t\t\t\t\t<\/div>\n\t\t<\/div>\n\t\t\t\t\t<\/div>\n\t\t<\/section>\n\t\t\t\t<section class=\"elementor-section elementor-top-section elementor-element elementor-element-674ca380 elementor-section-boxed elementor-section-height-default elementor-section-height-default\" data-id=\"674ca380\" data-element_type=\"section\" data-e-type=\"section\">\n\t\t\t\t\t\t<div class=\"elementor-container elementor-column-gap-default\">\n\t\t\t\t\t<div class=\"elementor-column elementor-col-100 elementor-top-column elementor-element elementor-element-18a92f59\" data-id=\"18a92f59\" data-element_type=\"column\" data-e-type=\"column\">\n\t\t\t<div class=\"elementor-widget-wrap elementor-element-populated\">\n\t\t\t\t\t\t<div class=\"elementor-element elementor-element-39b6e70b elementor-widget elementor-widget-text-editor\" data-id=\"39b6e70b\" data-element_type=\"widget\" data-e-type=\"widget\" data-widget_type=\"text-editor.default\">\n\t\t\t\t<div class=\"elementor-widget-container\">\n\t\t\t\t\t\t\t\t\t<div id=\"cms-content\" class=\"site-content\"><div id=\"primary\" class=\"container is-no-sidebar\"><div class=\"row\"><div id=\"content\" class=\"col-xs-12 col-sm-12 col-md-12 col-lg-12\"><article id=\"post-5045\" class=\"post-5045 page type-page status-publish hentry\"><div class=\"entry-content\"><div class=\"vc_row wpb_row vc_row-fluid\"><div class=\"wpb_column vc_column_container vc_col-sm-6\"><div class=\"vc_column-inner\"><div class=\"wpb_wrapper\"><div class=\"wpb_text_column wpb_content_element\"><div class=\"wpb_wrapper\"><div class=\"entry-content\"><strong>Name des Betreibers: <\/strong>Home The Residence<br \/><strong>Email:\u00a0<\/strong>commercial@home-the-residence.com<br \/><strong>Telefon:\u00a0<\/strong>034 02 932 32<br \/><strong>Soziales Kapital: <\/strong>2.000.000 Ar<br \/><strong>Individuelle Umsatzsteuer-Identifikationsnummer:\u00a0<\/strong>4000179817<br \/><strong>Siret Nummer:\u00a0<\/strong>NB NB 2010 B 011<\/div><div class=\"entry-content\"><strong>Handelsname: <\/strong>Home The Residence<br \/><strong>Name des gesetzlichen Vertreters:<\/strong>\u00a0Damien Salles<\/div><div class=\"entry-content\"><strong>Adresse des Hauptsitzes<\/strong> :<br \/>00207 - Neugierig sein Madagaskar<\/div><div>\u00a0<\/div><div>Durch den Zugriff auf diese Website werden Sie dar\u00fcber informiert, dass die Nutzung des Internets die Einhaltung einer Reihe von Gesetzen erfordert, die sich insbesondere auf Urheberrechte und das Gesetz Informatique et Libert\u00e9 beziehen. HOME THE RESIDENCE kann nicht f\u00fcr Fehler oder Auslassungen haftbar gemacht werden. Der Herausgeber beh\u00e4lt sich au\u00dferdem das Recht vor, die Daten der Website jederzeit zu \u00e4ndern und zu aktualisieren.<\/div><div class=\"entry-content\"><h2>Urheber<\/h2><p>In Anwendung des franz\u00f6sischen Gesetzes \u00fcber geistiges Eigentum (creditPhoto) die Vervielf\u00e4ltigung zu einem anderen als privaten Zweck, der Verkauf, die Verbreitung, die Ver\u00f6ffentlichung, die Anpassung oder die teilweise oder vollst\u00e4ndige \u00dcbermittlung der Daten (Darstellung, Gestaltung der Website) (urheberrechtlich gesch\u00fctzte Fotos, Texte und Abbildungen) bed\u00fcrfen ausschlie\u00dflich der vorherigen schriftlichen Genehmigung der Rechteinhaber, und zwar der Firma HOME THE RESIDENCE CREDITS<\/p><p>Text: Firma HOME DIE WOHNUNG<br \/>Fotos: Freie Bilddatenbank, Shutterstock und Jean Charles Lavictoire<\/p><h2>VERBINDUNGSZEUGNISSE, &quot;COOKIES&quot;<\/h2><p>Beim Zugriff auf die Site werden m\u00f6glicherweise Cookies automatisch installiert und vor\u00fcbergehend im Speicher oder auf der Festplatte des Benutzers gespeichert, um die Navigation auf der Site zu erleichtern. Cookies werden verwendet, um Informationen in Bezug auf die Nutzung der Website aufzuzeichnen (wie die besuchten Seiten, das Datum und die Uhrzeit des Zugriffs usw.).<br \/>Benutzer haben das Recht, der Registrierung von Cookies durch Einstellen der Parameter ihres Browsers zu widersprechen. Durch diesen Vorgang werden jedoch alle vom Browser verwendeten Cookies gel\u00f6scht, einschlie\u00dflich der von anderen Websites verwendeten. Dies kann zur \u00c4nderung oder zum Verlust bestimmter Einstellungen oder Informationen f\u00fchren.<\/p><h2>HAFTUNG<\/h2><p>Firma HOME THE RESIDENCE ist bestrebt, die Richtigkeit und Aktualit\u00e4t der auf der Website ver\u00f6ffentlichten Informationen nach besten Kr\u00e4ften zu gew\u00e4hrleisten. HOME THE RESIDENCE beh\u00e4lt sich das Recht vor, den Inhalt der Website jederzeit und ohne vorherige Ank\u00fcndigung zu \u00e4ndern. HOME THE RESIDENCE kann jedoch keine Garantie f\u00fcr die Richtigkeit, Genauigkeit oder Vollst\u00e4ndigkeit der auf der Website verf\u00fcgbaren Inhalte \u00fcbernehmen und fordert den Benutzer auf, HOME THE RESIDENCE direkt zu kontaktieren.<\/p><h2>COMPUTER UND FREIHEIT<\/h2><p>Jeder Benutzer, der direkt oder indirekt nominative Informationen eingereicht hat, hat ein Recht auf Zugang und Berichtigung gem\u00e4\u00df dem Gesetz Nr. 7817 vom 6\/01\/78 (Informatique et Libert\u00e9) beim Administrator der Website.<\/p><p>\u00dcber die Website https:\/\/home-the-residence.com kann HOME THE RESIDENCE personenbezogene Daten von jedem erfassen, der \u00fcber den Abschnitt &quot;Kontakt&quot; der Website eine Frage an HOME THE RESIDENCE sendet, oder Abonnieren Sie den Newsletter der Website. Die Erhebung und Verarbeitung personenbezogener Daten, die der Benutzer an HOME THE RESIDENCE \u00fcbermittelt, unterliegt den Bestimmungen des Gesetzes Nr. 78-17 Informatique et Libert\u00e9s vom 6. Januar 1978 (in der jeweils g\u00fcltigen Fassung).<br \/>Der Nutzer hat ein Recht auf Auskunft, Berichtigung und L\u00f6schung seiner personenbezogenen Daten sowie die M\u00f6glichkeit, der Verarbeitung seiner Daten zu widersprechen, die er jederzeit durch \u00dcbersendung eines Schreibens an aus\u00fcben kann die folgende Adresse:<\/p><p>HOME DIE WOHNUNG<br \/>Hotel Home Die Residenz - Nosy Be - Madagaskar<\/p><p>Telefon: 034 02 932 32<br \/>Haupt-E-Mail: commercial@home-the-residence.com<\/p><p>Die Informationen, die f\u00fcr die Beantwortung von Benutzeranfragen erforderlich sind, z. B. Vorname, Nachname, Adresse und E-Mail-Adresse des Benutzers, sind in den Erfassungsformularen durch ein Sternchen gekennzeichnet. Wenn die mit einem Stern gekennzeichneten Felder nicht ausgef\u00fcllt sind, kann HOME THE RESIDENCE die Anforderungen der Benutzer nicht verarbeiten.<\/p><h2 class=\"diadao-infos-title\">DESIGN<\/h2><div class=\"diadao-infos-text\">Website entworfen und entwickelt von\u00a0<a href=\"https:\/\/booking-up.com\/\" target=\"_blank\" rel=\"noopener\">Buchung UP<\/a>, digitale Agentur f\u00fcr Hotels, Restaurants und Tourismusakteure.<br \/>Tel. : +34 84 812 40<br \/>Website:\u00a0<a href=\"https:\/\/booking-up.com\/\" target=\"_blank\" rel=\"noopener\">https:\/\/booking-up.com\/<\/a><\/div><\/div><\/div><\/div><\/div><\/div><\/div><\/div><\/div><\/article><\/div><\/div><\/div><\/div>\t\t\t\t\t\t\t\t<\/div>\n\t\t\t\t<\/div>\n\t\t\t\t\t<\/div>\n\t\t<\/div>\n\t\t\t\t\t<\/div>\n\t\t<\/section>\n\t\t\t\t<\/div>","protected":false},"excerpt":{"rendered":"<p>Mentions l\u00e9gales &amp; politiques de confidentialit\u00e9s Raison sociale de la soci\u00e9t\u00e9 exploitante : Home The R\u00e9sidenceEmail :\u00a0commercial@home-the-residence.comT\u00e9l\u00e9phone :\u00a0034 02 932 32Capital social : 2 000 0000 ArNum\u00e9ro individuel d\u2019identification de TVA :\u00a04000179817Num\u00e9ro de Siret :\u00a0RCS NB 2010 B 011Nom commercial : Home The R\u00e9sidenceNom du repr\u00e9sentant l\u00e9gal :\u00a0Damien SallesAdresse du si\u00e8ge social :00207 &#8211; Nosy [&hellip;]<\/p>\n","protected":false},"author":1,"featured_media":0,"parent":0,"menu_order":31,"comment_status":"closed","ping_status":"closed","template":"","meta":{"footnotes":""},"class_list":["post-1608","page","type-page","status-publish","hentry"],"_links":{"self":[{"href":"https:\/\/home-the-residence.com\/de\/wp-json\/wp\/v2\/pages\/1608","targetHints":{"allow":["GET"]}}],"collection":[{"href":"https:\/\/home-the-residence.com\/de\/wp-json\/wp\/v2\/pages"}],"about":[{"href":"https:\/\/home-the-residence.com\/de\/wp-json\/wp\/v2\/types\/page"}],"author":[{"embeddable":true,"href":"https:\/\/home-the-residence.com\/de\/wp-json\/wp\/v2\/users\/1"}],"replies":[{"embeddable":true,"href":"https:\/\/home-the-residence.com\/de\/wp-json\/wp\/v2\/comments?post=1608"}],"version-history":[{"count":0,"href":"https:\/\/home-the-residence.com\/de\/wp-json\/wp\/v2\/pages\/1608\/revisions"}],"wp:attachment":[{"href":"https:\/\/home-the-residence.com\/de\/wp-json\/wp\/v2\/media?parent=1608"}],"curies":[{"name":"wp","href":"https:\/\/api.w.org\/{rel}","templated":true}]}}